{"id":5,"date":"2018-11-27T09:17:08","date_gmt":"2018-11-27T09:17:08","guid":{"rendered":"https:\/\/www.sylvester-konzepte.at\/onlineshop\/about\/"},"modified":"2020-11-30T12:19:41","modified_gmt":"2020-11-30T12:19:41","slug":"ueber-uns","status":"publish","type":"page","link":"https:\/\/www.sylvester-konzepte.at\/onlineshop\/ueber-uns\/","title":{"rendered":"\u00dcber uns"},"content":{"rendered":"\t\t<div data-elementor-type=\"wp-post\" data-elementor-id=\"5\" class=\"elementor elementor-5\" data-elementor-settings=\"[]\">\n\t\t\t\t\t\t<div class=\"elementor-inner\">\n\t\t\t\t\t\t\t<div class=\"elementor-section-wrap\">\n\t\t\t\t\t\t\t<section class=\"elementor-section elementor-top-section elementor-element elementor-element-d7d8b56 elementor-section-boxed elementor-section-height-default elementor-section-height-default\" data-id=\"d7d8b56\" data-element_type=\"section\" data-settings=\"{&quot;background_background&quot;:&quot;classic&quot;}\">\n\t\t\t\t\t\t\t<div class=\"elementor-background-overlay\"><\/div>\n\t\t\t\t\t\t\t<div class=\"elementor-container elementor-column-gap-default\">\n\t\t\t\t\t\t\t<div class=\"elementor-row\">\n\t\t\t\t\t<div class=\"elementor-column elementor-col-33 elementor-top-column elementor-element elementor-element-b3d335b\" data-id=\"b3d335b\" data-element_type=\"column\">\n\t\t\t<div class=\"elementor-column-wrap\">\n\t\t\t\t\t\t\t<div class=\"elementor-widget-wrap\">\n\t\t\t\t\t\t\t\t<\/div>\n\t\t\t\t\t<\/div>\n\t\t<\/div>\n\t\t\t\t<div class=\"elementor-column elementor-col-33 elementor-top-column elementor-element elementor-element-fd69444\" data-id=\"fd69444\" data-element_type=\"column\">\n\t\t\t<div class=\"elementor-column-wrap elementor-element-populated\">\n\t\t\t\t\t\t\t<div class=\"elementor-widget-wrap\">\n\t\t\t\t\t\t<div class=\"elementor-element elementor-element-abcc2f2 elementor-widget elementor-widget-heading\" data-id=\"abcc2f2\" data-element_type=\"widget\" data-widget_type=\"heading.default\">\n\t\t\t\t<div class=\"elementor-widget-container\">\n\t\t\t<h3 class=\"elementor-heading-title elementor-size-default\">Sylvester Konzepte<\/h3>\t\t<\/div>\n\t\t\t\t<\/div>\n\t\t\t\t<div class=\"elementor-element elementor-element-cd9fe50 elementor-widget elementor-widget-heading\" data-id=\"cd9fe50\" data-element_type=\"widget\" data-widget_type=\"heading.default\">\n\t\t\t\t<div class=\"elementor-widget-container\">\n\t\t\t<h1 class=\"elementor-heading-title elementor-size-default\">Wer wir sind?<\/h1>\t\t<\/div>\n\t\t\t\t<\/div>\n\t\t\t\t\t\t<\/div>\n\t\t\t\t\t<\/div>\n\t\t<\/div>\n\t\t\t\t<div class=\"elementor-column elementor-col-33 elementor-top-column elementor-element elementor-element-674669b\" data-id=\"674669b\" data-element_type=\"column\">\n\t\t\t<div class=\"elementor-column-wrap\">\n\t\t\t\t\t\t\t<div class=\"elementor-widget-wrap\">\n\t\t\t\t\t\t\t\t<\/div>\n\t\t\t\t\t<\/div>\n\t\t<\/div>\n\t\t\t\t\t\t\t\t<\/div>\n\t\t\t\t\t<\/div>\n\t\t<\/section>\n\t\t\t\t<section class=\"elementor-section elementor-top-section elementor-element elementor-element-402b2dbb elementor-section-boxed elementor-section-height-default elementor-section-height-default\" data-id=\"402b2dbb\" data-element_type=\"section\" data-settings=\"{&quot;background_background&quot;:&quot;classic&quot;}\">\n\t\t\t\t\t\t<div class=\"elementor-container elementor-column-gap-default\">\n\t\t\t\t\t\t\t<div class=\"elementor-row\">\n\t\t\t\t\t<div class=\"elementor-column elementor-col-33 elementor-top-column elementor-element elementor-element-50340657\" data-id=\"50340657\" data-element_type=\"column\">\n\t\t\t<div class=\"elementor-column-wrap\">\n\t\t\t\t\t\t\t<div class=\"elementor-widget-wrap\">\n\t\t\t\t\t\t\t\t<\/div>\n\t\t\t\t\t<\/div>\n\t\t<\/div>\n\t\t\t\t<div class=\"elementor-column elementor-col-33 elementor-top-column elementor-element elementor-element-7383872f\" data-id=\"7383872f\" data-element_type=\"column\" data-settings=\"{&quot;background_background&quot;:&quot;classic&quot;}\">\n\t\t\t<div class=\"elementor-column-wrap elementor-element-populated\">\n\t\t\t\t\t<div class=\"elementor-background-overlay\"><\/div>\n\t\t\t\t\t\t\t<div class=\"elementor-widget-wrap\">\n\t\t\t\t\t\t<div class=\"elementor-element elementor-element-ecb3a79 elementor-widget elementor-widget-text-editor\" data-id=\"ecb3a79\" data-element_type=\"widget\" data-widget_type=\"text-editor.default\">\n\t\t\t\t<div class=\"elementor-widget-container\">\n\t\t\t\t\t<div class=\"elementor-text-editor elementor-clearfix\"><p>Wir legen sehr viel Wert auf Themen wie Gesundheit, Fitness, Motivation, Lebensqualit\u00e4t, Stressreduktion und mentales Training.<\/p><\/div>\n\t\t\t\t<\/div>\n\t\t\t\t<\/div>\n\t\t\t\t\t\t<\/div>\n\t\t\t\t\t<\/div>\n\t\t<\/div>\n\t\t\t\t<div class=\"elementor-column elementor-col-33 elementor-top-column elementor-element elementor-element-199ff3b0\" data-id=\"199ff3b0\" data-element_type=\"column\">\n\t\t\t<div class=\"elementor-column-wrap\">\n\t\t\t\t\t\t\t<div class=\"elementor-widget-wrap\">\n\t\t\t\t\t\t\t\t<\/div>\n\t\t\t\t\t<\/div>\n\t\t<\/div>\n\t\t\t\t\t\t\t\t<\/div>\n\t\t\t\t\t<\/div>\n\t\t<\/section>\n\t\t\t\t<section class=\"elementor-section elementor-top-section elementor-element elementor-element-5c40d7b elementor-section-boxed elementor-section-height-default elementor-section-height-default\" data-id=\"5c40d7b\" data-element_type=\"section\" data-settings=\"{&quot;background_background&quot;:&quot;classic&quot;}\">\n\t\t\t\t\t\t<div class=\"elementor-container elementor-column-gap-default\">\n\t\t\t\t\t\t\t<div class=\"elementor-row\">\n\t\t\t\t\t<div class=\"elementor-column elementor-col-50 elementor-top-column elementor-element elementor-element-2ebbf9c\" data-id=\"2ebbf9c\" data-element_type=\"column\">\n\t\t\t<div class=\"elementor-column-wrap elementor-element-populated\">\n\t\t\t\t\t\t\t<div class=\"elementor-widget-wrap\">\n\t\t\t\t\t\t<div class=\"elementor-element elementor-element-5f68704 elementor-hidden-phone elementor-widget elementor-widget-global elementor-global-587 elementor-widget-image\" data-id=\"5f68704\" data-element_type=\"widget\" data-widget_type=\"image.default\">\n\t\t\t\t<div class=\"elementor-widget-container\">\n\t\t\t\t\t<div class=\"elementor-image\">\n\t\t\t\t\t\t\t\t\t\t<img width=\"49\" height=\"26\" src=\"https:\/\/www.sylvester-konzepte.at\/onlineshop\/wp-content\/uploads\/2020\/09\/Seperator.png\" class=\"attachment-large size-large\" alt=\"Seperator\" loading=\"lazy\" \/>\t\t\t\t\t\t\t\t\t\t\t<\/div>\n\t\t\t\t<\/div>\n\t\t\t\t<\/div>\n\t\t\t\t<div class=\"elementor-element elementor-element-b122b3b elementor-hidden-desktop elementor-hidden-tablet elementor-widget elementor-widget-global elementor-global-1246 elementor-widget-image\" data-id=\"b122b3b\" data-element_type=\"widget\" data-widget_type=\"image.default\">\n\t\t\t\t<div class=\"elementor-widget-container\">\n\t\t\t\t\t<div class=\"elementor-image\">\n\t\t\t\t\t\t\t\t\t\t<img width=\"49\" height=\"26\" src=\"https:\/\/www.sylvester-konzepte.at\/onlineshop\/wp-content\/uploads\/2020\/09\/Seperator.png\" class=\"attachment-large size-large\" alt=\"Seperator\" loading=\"lazy\" \/>\t\t\t\t\t\t\t\t\t\t\t<\/div>\n\t\t\t\t<\/div>\n\t\t\t\t<\/div>\n\t\t\t\t<div class=\"elementor-element elementor-element-fe195c7 elementor-widget elementor-widget-heading\" data-id=\"fe195c7\" data-element_type=\"widget\" data-widget_type=\"heading.default\">\n\t\t\t\t<div class=\"elementor-widget-container\">\n\t\t\t<h2 class=\"elementor-heading-title elementor-size-default\">Unsere Vision<\/h2>\t\t<\/div>\n\t\t\t\t<\/div>\n\t\t\t\t<div class=\"elementor-element elementor-element-e5f497e elementor-widget elementor-widget-text-editor\" data-id=\"e5f497e\" data-element_type=\"widget\" data-widget_type=\"text-editor.default\">\n\t\t\t\t<div class=\"elementor-widget-container\">\n\t\t\t\t\t<div class=\"elementor-text-editor elementor-clearfix\"><p>Den Leuten mit ausgew\u00e4hlten Produkten und Dienstleistung mehr Lebensqualit\u00e4t verschaffen und Freude machen.<\/p><\/div>\n\t\t\t\t<\/div>\n\t\t\t\t<\/div>\n\t\t\t\t\t\t<\/div>\n\t\t\t\t\t<\/div>\n\t\t<\/div>\n\t\t\t\t<div class=\"elementor-column elementor-col-50 elementor-top-column elementor-element elementor-element-e5fdae0\" data-id=\"e5fdae0\" data-element_type=\"column\">\n\t\t\t<div class=\"elementor-column-wrap elementor-element-populated\">\n\t\t\t\t\t\t\t<div class=\"elementor-widget-wrap\">\n\t\t\t\t\t\t<div class=\"elementor-element elementor-element-96b5b53 elementor-widget elementor-widget-image\" data-id=\"96b5b53\" data-element_type=\"widget\" data-widget_type=\"image.default\">\n\t\t\t\t<div class=\"elementor-widget-container\">\n\t\t\t\t\t<div class=\"elementor-image\">\n\t\t\t\t\t\t\t\t\t\t<img width=\"1920\" height=\"800\" src=\"https:\/\/www.sylvester-konzepte.at\/onlineshop\/wp-content\/uploads\/2020\/09\/Mit-Brainlight-in-die-Traumwelt-Sylvester-Konzepte.jpg\" class=\"attachment-full size-full\" alt=\"Mit-Brainlight-in-die-Traumwelt---Sylvester-Konzepte\" loading=\"lazy\" srcset=\"https:\/\/www.sylvester-konzepte.at\/onlineshop\/wp-content\/uploads\/2020\/09\/Mit-Brainlight-in-die-Traumwelt-Sylvester-Konzepte.jpg 1920w, https:\/\/www.sylvester-konzepte.at\/onlineshop\/wp-content\/uploads\/2020\/09\/Mit-Brainlight-in-die-Traumwelt-Sylvester-Konzepte-300x125.jpg 300w, https:\/\/www.sylvester-konzepte.at\/onlineshop\/wp-content\/uploads\/2020\/09\/Mit-Brainlight-in-die-Traumwelt-Sylvester-Konzepte-1024x427.jpg 1024w, https:\/\/www.sylvester-konzepte.at\/onlineshop\/wp-content\/uploads\/2020\/09\/Mit-Brainlight-in-die-Traumwelt-Sylvester-Konzepte-768x320.jpg 768w, https:\/\/www.sylvester-konzepte.at\/onlineshop\/wp-content\/uploads\/2020\/09\/Mit-Brainlight-in-die-Traumwelt-Sylvester-Konzepte-1536x640.jpg 1536w, https:\/\/www.sylvester-konzepte.at\/onlineshop\/wp-content\/uploads\/2020\/09\/Mit-Brainlight-in-die-Traumwelt-Sylvester-Konzepte-600x250.jpg 600w\" sizes=\"(max-width: 1920px) 100vw, 1920px\" \/>\t\t\t\t\t\t\t\t\t\t\t<\/div>\n\t\t\t\t<\/div>\n\t\t\t\t<\/div>\n\t\t\t\t\t\t<\/div>\n\t\t\t\t\t<\/div>\n\t\t<\/div>\n\t\t\t\t\t\t\t\t<\/div>\n\t\t\t\t\t<\/div>\n\t\t<\/section>\n\t\t\t\t<section class=\"elementor-section elementor-top-section elementor-element elementor-element-e90a943 elementor-section-boxed elementor-section-height-default elementor-section-height-default\" data-id=\"e90a943\" data-element_type=\"section\" data-settings=\"{&quot;background_background&quot;:&quot;classic&quot;}\">\n\t\t\t\t\t\t<div class=\"elementor-container elementor-column-gap-default\">\n\t\t\t\t\t\t\t<div class=\"elementor-row\">\n\t\t\t\t\t<div class=\"elementor-column elementor-col-50 elementor-top-column elementor-element elementor-element-2126f92\" data-id=\"2126f92\" data-element_type=\"column\">\n\t\t\t<div class=\"elementor-column-wrap elementor-element-populated\">\n\t\t\t\t\t\t\t<div class=\"elementor-widget-wrap\">\n\t\t\t\t\t\t<div class=\"elementor-element elementor-element-bd2978d elementor-hidden-phone elementor-widget elementor-widget-global elementor-global-587 elementor-widget-image\" data-id=\"bd2978d\" data-element_type=\"widget\" data-widget_type=\"image.default\">\n\t\t\t\t<div class=\"elementor-widget-container\">\n\t\t\t\t\t<div class=\"elementor-image\">\n\t\t\t\t\t\t\t\t\t\t<img width=\"49\" height=\"26\" src=\"https:\/\/www.sylvester-konzepte.at\/onlineshop\/wp-content\/uploads\/2020\/09\/Seperator.png\" class=\"attachment-large size-large\" alt=\"Seperator\" loading=\"lazy\" \/>\t\t\t\t\t\t\t\t\t\t\t<\/div>\n\t\t\t\t<\/div>\n\t\t\t\t<\/div>\n\t\t\t\t<div class=\"elementor-element elementor-element-0564909 elementor-hidden-desktop elementor-hidden-tablet elementor-widget elementor-widget-global elementor-global-1246 elementor-widget-image\" data-id=\"0564909\" data-element_type=\"widget\" data-widget_type=\"image.default\">\n\t\t\t\t<div class=\"elementor-widget-container\">\n\t\t\t\t\t<div class=\"elementor-image\">\n\t\t\t\t\t\t\t\t\t\t<img width=\"49\" height=\"26\" src=\"https:\/\/www.sylvester-konzepte.at\/onlineshop\/wp-content\/uploads\/2020\/09\/Seperator.png\" class=\"attachment-large size-large\" alt=\"Seperator\" loading=\"lazy\" \/>\t\t\t\t\t\t\t\t\t\t\t<\/div>\n\t\t\t\t<\/div>\n\t\t\t\t<\/div>\n\t\t\t\t<div class=\"elementor-element elementor-element-2bb67f72 elementor-vertical-align-middle elementor-position-left elementor-widget elementor-widget-image-box\" data-id=\"2bb67f72\" data-element_type=\"widget\" data-widget_type=\"image-box.default\">\n\t\t\t\t<div class=\"elementor-widget-container\">\n\t\t\t<div class=\"elementor-image-box-wrapper\"><figure class=\"elementor-image-box-img\"><img width=\"399\" height=\"399\" src=\"https:\/\/www.sylvester-konzepte.at\/onlineshop\/wp-content\/uploads\/2020\/09\/Meho-Sylvester-ueber-uns-Sylvester-Konzepte.png\" class=\"attachment-full size-full\" alt=\"Meho Sylvester \u00fcber uns - Sylvester Konzepte\" loading=\"lazy\" srcset=\"https:\/\/www.sylvester-konzepte.at\/onlineshop\/wp-content\/uploads\/2020\/09\/Meho-Sylvester-ueber-uns-Sylvester-Konzepte.png 399w, https:\/\/www.sylvester-konzepte.at\/onlineshop\/wp-content\/uploads\/2020\/09\/Meho-Sylvester-ueber-uns-Sylvester-Konzepte-300x300.png 300w, https:\/\/www.sylvester-konzepte.at\/onlineshop\/wp-content\/uploads\/2020\/09\/Meho-Sylvester-ueber-uns-Sylvester-Konzepte-150x150.png 150w, https:\/\/www.sylvester-konzepte.at\/onlineshop\/wp-content\/uploads\/2020\/09\/Meho-Sylvester-ueber-uns-Sylvester-Konzepte-100x100.png 100w\" sizes=\"(max-width: 399px) 100vw, 399px\" \/><\/figure><div class=\"elementor-image-box-content\"><h3 class=\"elementor-image-box-title\">Mag. Meho Sylvester<\/h3><\/div><\/div>\t\t<\/div>\n\t\t\t\t<\/div>\n\t\t\t\t<div class=\"elementor-element elementor-element-623c7b8 elementor-icon-list--layout-traditional elementor-list-item-link-full_width elementor-widget elementor-widget-icon-list\" data-id=\"623c7b8\" data-element_type=\"widget\" data-widget_type=\"icon-list.default\">\n\t\t\t\t<div class=\"elementor-widget-container\">\n\t\t\t\t\t<ul class=\"elementor-icon-list-items\">\n\t\t\t\t\t\t\t<li class=\"elementor-icon-list-item\">\n\t\t\t\t\t\t\t\t\t\t\t<span class=\"elementor-icon-list-icon\">\n\t\t\t\t\t\t\t<i aria-hidden=\"true\" class=\"fas fa-minus\"><\/i>\t\t\t\t\t\t<\/span>\n\t\t\t\t\t\t\t\t\t\t<span class=\"elementor-icon-list-text\">Inhaber der Firma SYLVESTER Gesundheits- und Wohlf\u00fchlkonzepte e. U.<\/span>\n\t\t\t\t\t\t\t\t\t<\/li>\n\t\t\t\t\t\t\t\t<li class=\"elementor-icon-list-item\">\n\t\t\t\t\t\t\t\t\t\t\t<span class=\"elementor-icon-list-icon\">\n\t\t\t\t\t\t\t<i aria-hidden=\"true\" class=\"fas fa-minus\"><\/i>\t\t\t\t\t\t<\/span>\n\t\t\t\t\t\t\t\t\t\t<span class=\"elementor-icon-list-text\">Vertriebspartner \u00d6sterreich f\u00fcr die brainLight\u00ae GmbH<\/span>\n\t\t\t\t\t\t\t\t\t<\/li>\n\t\t\t\t\t\t\t\t<li class=\"elementor-icon-list-item\">\n\t\t\t\t\t\t\t\t\t\t\t<span class=\"elementor-icon-list-icon\">\n\t\t\t\t\t\t\t<i aria-hidden=\"true\" class=\"fas fa-minus\"><\/i>\t\t\t\t\t\t<\/span>\n\t\t\t\t\t\t\t\t\t\t<span class=\"elementor-icon-list-text\">Vertriebscoach<\/span>\n\t\t\t\t\t\t\t\t\t<\/li>\n\t\t\t\t\t\t<\/ul>\n\t\t\t\t<\/div>\n\t\t\t\t<\/div>\n\t\t\t\t<div class=\"elementor-element elementor-element-d8f9f49 elementor-widget elementor-widget-text-editor\" data-id=\"d8f9f49\" data-element_type=\"widget\" data-widget_type=\"text-editor.default\">\n\t\t\t\t<div class=\"elementor-widget-container\">\n\t\t\t\t\t<div class=\"elementor-text-editor elementor-clearfix\"><p>Als aufgeschlossener Mensch, genie\u00dfe ich es, auf Menschen zuzugehen, Ihnen zuzuh\u00f6ren und Kontakte zu kn\u00fcpfen. In meinem ganzen Berufsleben, sowohl national als auch international, hatte ich immer mit Menschen zu tun. Aus pers\u00f6nlicher \u00dcberzeugung und Erfahrung wei\u00df ich, wie wichtig die Themen Gesundheit und Fitness f\u00fcr die eigene Lebensqualit\u00e4t sind. Das ist der Grund, weshalb ich mein Konzept mit gro\u00dfer Freude anderen Leuten vermittle.<\/p><\/div>\n\t\t\t\t<\/div>\n\t\t\t\t<\/div>\n\t\t\t\t<div class=\"elementor-element elementor-element-12c77d7 elementor-widget elementor-widget-text-editor\" data-id=\"12c77d7\" data-element_type=\"widget\" data-widget_type=\"text-editor.default\">\n\t\t\t\t<div class=\"elementor-widget-container\">\n\t\t\t\t\t<div class=\"elementor-text-editor elementor-clearfix\"><p>Lebensmotto: Es gibt keinen Weg zum Gl\u00fccklichsein. Gl\u00fccklichsein ist der Weg. <span style=\"font-size: 16px;\"><em>Buddha<\/em><\/span><\/p><\/div>\n\t\t\t\t<\/div>\n\t\t\t\t<\/div>\n\t\t\t\t\t\t<\/div>\n\t\t\t\t\t<\/div>\n\t\t<\/div>\n\t\t\t\t<div class=\"elementor-column elementor-col-50 elementor-top-column elementor-element elementor-element-e03a328\" data-id=\"e03a328\" data-element_type=\"column\">\n\t\t\t<div class=\"elementor-column-wrap elementor-element-populated\">\n\t\t\t\t\t\t\t<div class=\"elementor-widget-wrap\">\n\t\t\t\t\t\t<div class=\"elementor-element elementor-element-3da05a9 elementor-hidden-phone elementor-widget elementor-widget-global elementor-global-587 elementor-widget-image\" data-id=\"3da05a9\" data-element_type=\"widget\" data-widget_type=\"image.default\">\n\t\t\t\t<div class=\"elementor-widget-container\">\n\t\t\t\t\t<div class=\"elementor-image\">\n\t\t\t\t\t\t\t\t\t\t<img width=\"49\" height=\"26\" src=\"https:\/\/www.sylvester-konzepte.at\/onlineshop\/wp-content\/uploads\/2020\/09\/Seperator.png\" class=\"attachment-large size-large\" alt=\"Seperator\" loading=\"lazy\" \/>\t\t\t\t\t\t\t\t\t\t\t<\/div>\n\t\t\t\t<\/div>\n\t\t\t\t<\/div>\n\t\t\t\t<div class=\"elementor-element elementor-element-8188c35 elementor-hidden-desktop elementor-hidden-tablet elementor-widget elementor-widget-global elementor-global-1246 elementor-widget-image\" data-id=\"8188c35\" data-element_type=\"widget\" data-widget_type=\"image.default\">\n\t\t\t\t<div class=\"elementor-widget-container\">\n\t\t\t\t\t<div class=\"elementor-image\">\n\t\t\t\t\t\t\t\t\t\t<img width=\"49\" height=\"26\" src=\"https:\/\/www.sylvester-konzepte.at\/onlineshop\/wp-content\/uploads\/2020\/09\/Seperator.png\" class=\"attachment-large size-large\" alt=\"Seperator\" loading=\"lazy\" \/>\t\t\t\t\t\t\t\t\t\t\t<\/div>\n\t\t\t\t<\/div>\n\t\t\t\t<\/div>\n\t\t\t\t<div class=\"elementor-element elementor-element-eb6ecb8 elementor-vertical-align-middle elementor-position-left elementor-widget elementor-widget-image-box\" data-id=\"eb6ecb8\" data-element_type=\"widget\" data-widget_type=\"image-box.default\">\n\t\t\t\t<div class=\"elementor-widget-container\">\n\t\t\t<div class=\"elementor-image-box-wrapper\"><figure class=\"elementor-image-box-img\"><img width=\"399\" height=\"399\" src=\"https:\/\/www.sylvester-konzepte.at\/onlineshop\/wp-content\/uploads\/2020\/09\/Korona-Sylvester-ueber-uns-Sylvester-Konzepte.png\" class=\"attachment-full size-full\" alt=\"\" loading=\"lazy\" srcset=\"https:\/\/www.sylvester-konzepte.at\/onlineshop\/wp-content\/uploads\/2020\/09\/Korona-Sylvester-ueber-uns-Sylvester-Konzepte.png 399w, https:\/\/www.sylvester-konzepte.at\/onlineshop\/wp-content\/uploads\/2020\/09\/Korona-Sylvester-ueber-uns-Sylvester-Konzepte-300x300.png 300w, https:\/\/www.sylvester-konzepte.at\/onlineshop\/wp-content\/uploads\/2020\/09\/Korona-Sylvester-ueber-uns-Sylvester-Konzepte-150x150.png 150w, https:\/\/www.sylvester-konzepte.at\/onlineshop\/wp-content\/uploads\/2020\/09\/Korona-Sylvester-ueber-uns-Sylvester-Konzepte-100x100.png 100w\" sizes=\"(max-width: 399px) 100vw, 399px\" \/><\/figure><div class=\"elementor-image-box-content\"><h3 class=\"elementor-image-box-title\">Mag. Korona Sylvester<\/h3><\/div><\/div>\t\t<\/div>\n\t\t\t\t<\/div>\n\t\t\t\t<div class=\"elementor-element elementor-element-f96c87e elementor-icon-list--layout-traditional elementor-list-item-link-full_width elementor-widget elementor-widget-icon-list\" data-id=\"f96c87e\" data-element_type=\"widget\" data-widget_type=\"icon-list.default\">\n\t\t\t\t<div class=\"elementor-widget-container\">\n\t\t\t\t\t<ul class=\"elementor-icon-list-items\">\n\t\t\t\t\t\t\t<li class=\"elementor-icon-list-item\">\n\t\t\t\t\t\t\t\t\t\t\t<span class=\"elementor-icon-list-icon\">\n\t\t\t\t\t\t\t<i aria-hidden=\"true\" class=\"fas fa-minus\"><\/i>\t\t\t\t\t\t<\/span>\n\t\t\t\t\t\t\t\t\t\t<span class=\"elementor-icon-list-text\">Leitung Controlling & Organisation<\/span>\n\t\t\t\t\t\t\t\t\t<\/li>\n\t\t\t\t\t\t<\/ul>\n\t\t\t\t<\/div>\n\t\t\t\t<\/div>\n\t\t\t\t<div class=\"elementor-element elementor-element-6d1a71e elementor-widget elementor-widget-text-editor\" data-id=\"6d1a71e\" data-element_type=\"widget\" data-widget_type=\"text-editor.default\">\n\t\t\t\t<div class=\"elementor-widget-container\">\n\t\t\t\t\t<div class=\"elementor-text-editor elementor-clearfix\"><p>Durch meine langj\u00e4hrige Berufserfahrung im Controlling, insbesondere im Personalcontrolling sind mir die zentralen Themen Motivation der Mitarbeiter, Leistungssteigerung, Stressresistenz und Gesundheitsf\u00f6rderung der Mitarbeiter ein gro\u00dfes Anliegen.<\/p><p>Gesundheit, Fitness und Ausgeglichenheit sind mir in der eigenen Lebensf\u00fchrung sehr wichtig und meine st\u00e4ndigen Begleiter.<\/p><\/div>\n\t\t\t\t<\/div>\n\t\t\t\t<\/div>\n\t\t\t\t<div class=\"elementor-element elementor-element-4eb02a3 elementor-widget elementor-widget-text-editor\" data-id=\"4eb02a3\" data-element_type=\"widget\" data-widget_type=\"text-editor.default\">\n\t\t\t\t<div class=\"elementor-widget-container\">\n\t\t\t\t\t<div class=\"elementor-text-editor elementor-clearfix\"><p>Lebensmotto: Die liebste Stunde im Leben ist der Augenblick.<\/p><\/div>\n\t\t\t\t<\/div>\n\t\t\t\t<\/div>\n\t\t\t\t\t\t<\/div>\n\t\t\t\t\t<\/div>\n\t\t<\/div>\n\t\t\t\t\t\t\t\t<\/div>\n\t\t\t\t\t<\/div>\n\t\t<\/section>\n\t\t\t\t\t\t<\/div>\n\t\t\t\t\t\t<\/div>\n\t\t\t\t\t<\/div>\n\t\t","protected":false},"excerpt":{"rendered":"<p>Sylvester Konzepte Wer wir sind? Wir legen sehr viel Wert auf Themen wie Gesundheit, Fitness, Motivation, Lebensqualit\u00e4t, Stressreduktion und mentales Training. Unsere Vision Den Leuten mit ausgew\u00e4hlten Produkten und Dienstleistung mehr Lebensqualit\u00e4t verschaffen und Freude machen. Mag. Meho Sylvester Inhaber der Firma SYLVESTER Gesundheits- und Wohlf\u00fchlkonzepte e. U. Vertriebspartner \u00d6sterreich f\u00fcr die brainLight\u00ae GmbH Vertriebscoach &hellip;<\/p>\n<p class=\"read-more\"> <a class=\"\" href=\"https:\/\/www.sylvester-konzepte.at\/onlineshop\/ueber-uns\/\"> <span class=\"screen-reader-text\">\u00dcber uns<\/span> Weiterlesen &raquo;<\/a><\/p>\n","protected":false},"author":1,"featured_media":0,"parent":0,"menu_order":0,"comment_status":"closed","ping_status":"closed","template":"","meta":[],"yoast_head":"<!-- This site is optimized with the Yoast SEO plugin v15.6.2 - https:\/\/yoast.com\/wordpress\/plugins\/seo\/ -->\n<title>\u00dcber Uns bei Sylvester Konzepte - Sylvester Konzepte Shop<\/title>\n<meta name=\"description\" content=\"Unsere Vision ist es Ihre Lebensqualit\u00e4t &amp; Vitalit\u00e4t mit ausgew\u00e4hlten Produkten zu steigern. Mag. Meho und Mag. Korona Sylvester\" \/>\n<meta name=\"robots\" content=\"noindex, follow, max-snippet:-1, max-image-preview:large, max-video-preview:-1\" \/>\n<meta property=\"og:locale\" content=\"de_DE\" \/>\n<meta property=\"og:type\" content=\"article\" \/>\n<meta property=\"og:title\" content=\"\u00dcber Uns bei Sylvester Konzepte - Sylvester Konzepte Shop\" \/>\n<meta property=\"og:description\" content=\"Unsere Vision ist es Ihre Lebensqualit\u00e4t &amp; Vitalit\u00e4t mit ausgew\u00e4hlten Produkten zu steigern. Mag. Meho und Mag. Korona Sylvester\" \/>\n<meta property=\"og:url\" content=\"https:\/\/www.sylvester-konzepte.at\/onlineshop\/ueber-uns\/\" \/>\n<meta property=\"og:site_name\" content=\"Sylvester Konzepte Shop\" \/>\n<meta property=\"article:modified_time\" content=\"2020-11-30T12:19:41+00:00\" \/>\n<meta property=\"og:image\" content=\"https:\/\/www.sylvester-konzepte.at\/onlineshop\/wp-content\/uploads\/2020\/09\/Seperator.png\" \/>\n<meta name=\"twitter:card\" content=\"summary_large_image\" \/>\n<meta name=\"twitter:label1\" content=\"Gesch\u00e4tzte Lesezeit\">\n\t<meta name=\"twitter:data1\" content=\"1\u00a0Minute\">\n<script type=\"application\/ld+json\" class=\"yoast-schema-graph\">{\"@context\":\"https:\/\/schema.org\",\"@graph\":[{\"@type\":\"WebSite\",\"@id\":\"https:\/\/www.sylvester-konzepte.at\/onlineshop\/#website\",\"url\":\"https:\/\/www.sylvester-konzepte.at\/onlineshop\/\",\"name\":\"Sylvester Konzepte Shop\",\"description\":\"Gesundheit, Fitness, Motivation, Lebensqualit\\u00e4t, Stressreduktion und mentales Training\",\"potentialAction\":[{\"@type\":\"SearchAction\",\"target\":\"https:\/\/www.sylvester-konzepte.at\/onlineshop\/?s={search_term_string}\",\"query-input\":\"required name=search_term_string\"}],\"inLanguage\":\"de\"},{\"@type\":\"ImageObject\",\"@id\":\"https:\/\/www.sylvester-konzepte.at\/onlineshop\/ueber-uns\/#primaryimage\",\"inLanguage\":\"de\",\"url\":\"https:\/\/www.sylvester-konzepte.at\/onlineshop\/wp-content\/uploads\/2020\/09\/Seperator.png\",\"width\":49,\"height\":26,\"caption\":\"Seperator\"},{\"@type\":\"WebPage\",\"@id\":\"https:\/\/www.sylvester-konzepte.at\/onlineshop\/ueber-uns\/#webpage\",\"url\":\"https:\/\/www.sylvester-konzepte.at\/onlineshop\/ueber-uns\/\",\"name\":\"\\u00dcber Uns bei Sylvester Konzepte - Sylvester Konzepte Shop\",\"isPartOf\":{\"@id\":\"https:\/\/www.sylvester-konzepte.at\/onlineshop\/#website\"},\"primaryImageOfPage\":{\"@id\":\"https:\/\/www.sylvester-konzepte.at\/onlineshop\/ueber-uns\/#primaryimage\"},\"datePublished\":\"2018-11-27T09:17:08+00:00\",\"dateModified\":\"2020-11-30T12:19:41+00:00\",\"description\":\"Unsere Vision ist es Ihre Lebensqualit\\u00e4t & Vitalit\\u00e4t mit ausgew\\u00e4hlten Produkten zu steigern. Mag. Meho und Mag. Korona Sylvester\",\"inLanguage\":\"de\",\"potentialAction\":[{\"@type\":\"ReadAction\",\"target\":[\"https:\/\/www.sylvester-konzepte.at\/onlineshop\/ueber-uns\/\"]}]}]}<\/script>\n<!-- \/ Yoast SEO plugin. -->","_links":{"self":[{"href":"https:\/\/www.sylvester-konzepte.at\/onlineshop\/wp-json\/wp\/v2\/pages\/5"}],"collection":[{"href":"https:\/\/www.sylvester-konzepte.at\/onlineshop\/wp-json\/wp\/v2\/pages"}],"about":[{"href":"https:\/\/www.sylvester-konzepte.at\/onlineshop\/wp-json\/wp\/v2\/types\/page"}],"author":[{"embeddable":true,"href":"https:\/\/www.sylvester-konzepte.at\/onlineshop\/wp-json\/wp\/v2\/users\/1"}],"replies":[{"embeddable":true,"href":"https:\/\/www.sylvester-konzepte.at\/onlineshop\/wp-json\/wp\/v2\/comments?post=5"}],"version-history":[{"count":48,"href":"https:\/\/www.sylvester-konzepte.at\/onlineshop\/wp-json\/wp\/v2\/pages\/5\/revisions"}],"predecessor-version":[{"id":1434,"href":"https:\/\/www.sylvester-konzepte.at\/onlineshop\/wp-json\/wp\/v2\/pages\/5\/revisions\/1434"}],"wp:attachment":[{"href":"https:\/\/www.sylvester-konzepte.at\/onlineshop\/wp-json\/wp\/v2\/media?parent=5"}],"curies":[{"name":"wp","href":"https:\/\/api.w.org\/{rel}","templated":true}]}}